{"id":171,"date":"2019-02-06T22:29:42","date_gmt":"2019-02-06T21:29:42","guid":{"rendered":"https:\/\/actionstudio.re\/?page_id=171"},"modified":"2024-05-10T13:09:09","modified_gmt":"2024-05-10T11:09:09","slug":"tarifs-des-reportage-photographique","status":"publish","type":"page","link":"https:\/\/actionstudio.re\/?page_id=171","title":{"rendered":"Tarifs des reportage photographique"},"content":{"rendered":"<div  class=\"one fullwidth \"><\/div>\n<div  class=\"one ppb_pricing\" style=\"padding:50px 0 50px 0;\" >\n<div class=\"standard_wrapper\">\n<div class=\"page_content_wrapper\">\n<div class=\"inner\">\n<div class=\"pricing_content_wrapper light\">\n<div class=\"pricing one_third  \">\n<div class=\"pricing_wrapper_border\">\n<ul class=\"pricing_wrapper\">\n<li class=\"title_row \" style=\"color:;\">Photo Emotion<\/li>\n<li class=\"price_row\"><strong>\u20ac<\/strong><em class=\"exact_price\" style=\"color:;\">1950<\/em><em class=\"time\"><\/em><\/li>\n<li>Photographe de 09H00 \u00e0 01H00 du matin\n<\/li>\n<li>Vos images (40mpx) sur cl\u00e9 USB &#038; galerie WEB\n<\/li>\n<li>Coffret en bois &#038; 10 tirages 10x15cm\n<\/li>\n<li>Galerie web s\u00e9curis\u00e9e<\/li>\n<li class=\"button_row \"><a href=\"\/contact\/\" class=\"button\"  style=\"background:;border-color:;color:#fff;\">R\u00e9servez<\/a><\/li>\n<\/ul>\n<\/div>\n<\/div>\n<div class=\"pricing one_third featured \">\n<div class=\"pricing_wrapper_border\">\n<ul class=\"pricing_wrapper\">\n<li class=\"title_row featured\" style=\"color:;\">Photo Passion<\/li>\n<li class=\"price_row\"><strong>\u20ac<\/strong><em class=\"exact_price\" style=\"color:;\">1700<\/em><em class=\"time\"><\/em><\/li>\n<li>Photographe de 09H00 \u00e0 22H00\n<\/li>\n<li>Vos images (40mpx) sur cl\u00e9 USB &#038; galerie WEB\n<\/li>\n<li>Coffret en bois &#038; 10 tirages 10x15cm\n<\/li>\n<li>Galerie web s\u00e9curis\u00e9e<\/li>\n<li class=\"button_row featured\"><a href=\"\/contact\/\" class=\"button\"  style=\"background:;border-color:;color:#fff;\">R\u00e9servez<\/a><\/li>\n<\/ul>\n<\/div>\n<\/div>\n<div class=\"pricing one_third  last\">\n<div class=\"pricing_wrapper_border\">\n<ul class=\"pricing_wrapper\">\n<li class=\"title_row \" style=\"color:;\">Photo Romance<\/li>\n<li class=\"price_row\"><strong>\u20ac<\/strong><em class=\"exact_price\" style=\"color:;\">1450<\/em><em class=\"time\"><\/em><\/li>\n<li>Photographe de 13H00 \u00e0 22H00\n<\/li>\n<li>Vos images (40mpx) sur cl\u00e9 USB &#038; galerie WEB\n<\/li>\n<li>Coffret en bois &#038; 10 tirages 10x15cm\n<\/li>\n<li>Galerie web s\u00e9curis\u00e9e<\/li>\n<li class=\"button_row \"><a href=\"\/contact\/\" class=\"button\"  style=\"background:;border-color:;color:#fff;\">R\u00e9servez<\/a><\/li>\n<\/ul>\n<\/div>\n<\/div>\n<\/div>\n<\/div>\n<\/div>\n<\/div>\n<\/div>\n<div class=\"standard_wrapper\">\n<div  class=\"one_third withsmallpadding ppb_text\" style=\"margin-bottom: 0 !important;padding:50px 0 50px 0;\" >\n<div class=\"standard_wrapper\">\n<div class=\"page_content_wrapper\">\n<div class=\"inner\">\n<div style=\"margin:auto;width:100%\">\n<h5>Coffret en bois<\/h5>\n<p>Un bel \u00e9crin pour pr\u00e9senter vos images. Ce coffret en bois est personnalis\u00e9 par gravure Laser en atelier. Il contient un support de stockage USB et une s\u00e9lection de 10 tirages au format 10x15cm.<\/p>\n<p><img loading=\"lazy\" decoding=\"async\" src=\"https:\/\/actionstudio.re\/wp-content\/uploads\/2019\/02\/AS37410-1024x683.jpg\" alt=\"\" width=\"1024\" height=\"683\" class=\"alignnone size-large wp-image-76\" \/><\/p>\n<\/div>\n<\/div>\n<\/div>\n<\/div>\n<\/div>\n<\/div>\n<div class=\"standard_wrapper\">\n<div  class=\"one_third withsmallpadding ppb_text\" style=\"margin-bottom: 0 !important;padding:50px 0 50px 0;\" >\n<div class=\"standard_wrapper\">\n<div class=\"page_content_wrapper\">\n<div class=\"inner\">\n<div style=\"margin:auto;width:100%\">\n<h5>Option : Wedding Memory Wall<\/h5>\n<p>Une oeuvre d&rsquo;art en souvenir de votre mariage. Le WMW est un concept original Action Studio qui mesure 115cm de large et 120cm de hauteur. Il s\u2019agit d\u2019une composition bas\u00e9e sur un tirage principale 50x75cm et de 12 tirages 20x30cm. Le WMW est une option disponible pour le service reportage photographique de mariage. Tarif : 750\u20acTTC<\/p>\n<p><img loading=\"lazy\" decoding=\"async\" src=\"https:\/\/actionstudio.re\/wp-content\/uploads\/2024\/05\/AS18630.jpg\" alt=\"\" width=\"1024\" height=\"683\" class=\"alignnone size-large wp-image-75\" \/><\/p>\n<\/div>\n<\/div>\n<\/div>\n<\/div>\n<\/div>\n<\/div>\n<div class=\"standard_wrapper\">\n<div  class=\"one_third last withsmallpadding ppb_text\" style=\"margin-bottom: 0 !important;padding:50px 0 50px 0;\" >\n<div class=\"standard_wrapper\">\n<div class=\"page_content_wrapper\">\n<div class=\"inner\">\n<div style=\"margin:auto;width:100%\">\n<h5>Option : Le livre album<\/h5>\n<p>Je vous propose l&rsquo;\u00e9dition d&rsquo;un livre album au format 20x30cm contenant 40 pages, avec une couverture en plexi, un dos en similicuir noir, une ouverture \u00e0 plat et des pages satin\u00e9es de 900g\/m\u00b2. Sur devis, \u00e0 partir de 400\u20ac.<\/p>\n<p><img loading=\"lazy\" decoding=\"async\" src=\"https:\/\/actionstudio.re\/wp-content\/uploads\/2019\/02\/AS37422-1024x683.jpg\" alt=\"\" width=\"1024\" height=\"683\" class=\"alignnone size-large wp-image-80\" \/><\/p>\n<\/div>\n<\/div>\n<\/div>\n<\/div>\n<\/div>\n<\/div>\n<div  class=\"one withsmallpadding ppb_text\" style=\"padding:30px 0 30px 0;\" >\n<div class=\"standard_wrapper\">\n<div class=\"page_content_wrapper\">\n<div class=\"inner\">\n<div style=\"margin:auto;width:100%\">\n<hr>\n<\/div>\n<\/div>\n<\/div>\n<\/div>\n<\/div>\n<div  class=\"one withsmallpadding ppb_header \" style=\"padding-bottom: 0 !important;text-align:center;padding:50px 0 50px 0;\" >\n<div class=\"standard_wrapper\">\n<div class=\"page_content_wrapper\">\n<div class=\"inner\">\n<div style=\"margin:auto;width:50%\">\n<div class=\"ppb_subtitle\" style=\"\">Quelques t\u00e9moignages de<\/div>\n<h2 class=\"ppb_title\" style=\"\">Nos mari\u00e9s<\/h2>\n<\/div>\n<\/div>\n<\/div>\n<\/div>\n<\/div>\n<div class=\"standard_wrapper\">\n<div  class=\"one withsmallpadding ppb_testimonial_column\" style=\"padding:50px 0 50px 0;\" >\n<div class=\"page_content_wrapper\">\n<div class=\"inner\">\n<div class=\"testimonial_wrapper\">\n<div class=\"one_half testimonial_column_element animated1 \">\n<div class=\"testimonial_image animated\" data-animation=\"bigEntrance\"><img decoding=\"async\" class=\"team_pic\" src=\"https:\/\/actionstudio.re\/wp-content\/uploads\/2019\/02\/Karen-Samuel-150x150.jpg\" alt=\"Karen &amp; Samuel\"\/><\/div>\n<div class=\"testimonial_content\">\u00ab\u00a0David, tu es un photographe remarquable. Tu as su nous mettre \u00e0 l\u2019aise en tr\u00e8s peu de temps malgr\u00e9 le grand stress du jour J. Nous avons pass\u00e9 une superbe journ\u00e9e. Tu nous as fait rire et danser, ce qui a rendu nos photos incroyables ! A leur vue, nous avons une nouvelle fois v\u00e9cu notre jour. Chaque d\u00e9tail est pr\u00e9sent pour notre plus grand bonheur. Tu nous as offert des souvenirs magnifiques et pour cela nous te disons un grand MERCI ! Merci \u00e9galement pour tes pr\u00e9cieux conseils pour le choix du lieu de nos photos de couple ainsi que pour le timing. La lumi\u00e8re naturelle, il n\u2019y a que \u00e7a de vrai ! C\u2019est un r\u00e9el plaisir de pouvoir partager tous ces beaux clich\u00e9s avec notre entourage. Tu ma\u00eetrises ton art, il n\u2019y a aucun doute.\u00a0\u00bb<\/p>\n<div class=\"testimonial_customer\">\n<h5 >Karen &#038; Samuel<\/h5>\n<\/div>\n<\/div>\n<\/div>\n<div class=\"one_half testimonial_column_element animated2 last\">\n<div class=\"testimonial_image animated\" data-animation=\"bigEntrance\"><img decoding=\"async\" class=\"team_pic\" src=\"https:\/\/actionstudio.re\/wp-content\/uploads\/2019\/02\/Christelle-Garry-150x150.jpg\" alt=\"Christelle &amp; Garry\"\/><\/div>\n<div class=\"testimonial_content\">\u00ab\u00a0Nous avons tellement r\u00eav\u00e9 d\u2019avoir action studio pour notre mariage et c\u2019est aujourd\u2019hui chose faite! Bien \u00e9videmment, nous adorons nos photos et notre court-m\u00e9trage qui est \u00e0 en faire pleurer plus d\u2019un (du vrai travail de pro). C\u2019est dans une atmosph\u00e8re d\u00e9lirante et d\u00e9tendue que l\u2019\u00e9quipe a r\u00e9ussi \u00e0 nous mettre \u00e0 l\u2019aise et \u00e0 nous faire oublier la pr\u00e9sence des objectifs ! Merci encore David pour ton a capella sur \u00ab i Will always love you \u00bb, et surtout merci pour ces beaux souvenirs que tu nous a laiss\u00e9 et que nous continuions \u00e0 appr\u00e9cier ! \u00c0 dans quelques ann\u00e9es pour un nouveau projet.\u00a0\u00bb<\/p>\n<div class=\"testimonial_customer\">\n<h5 >Christelle &#038; Garry<\/h5>\n<\/div>\n<\/div>\n<\/div>\n<div class=\"one_half testimonial_column_element animated3 \">\n<div class=\"testimonial_image animated\" data-animation=\"bigEntrance\"><img decoding=\"async\" class=\"team_pic\" src=\"https:\/\/actionstudio.re\/wp-content\/uploads\/2019\/02\/Muriel-Guillaume-150x150.jpg\" alt=\"Muriel &amp; Guillaume\"\/><\/div>\n<div class=\"testimonial_content\">\u00ab\u00a0Nous profitons de ces quelques lignes pour recommander David. Il a su faire preuve d\u2019un grand professionnalisme, d\u2019une gentillesse \u00e0 toute \u00e9preuve et d\u2019une cr\u00e9ativit\u00e9 exceptionnelle. Les photos de David sont riches, pleines d\u2019\u00e9motion mais surtout singuli\u00e8res. Nous sommes tr\u00e8s satisfaits d\u2019avoir choisi David pour nous accompagner pour notre mariage et nous recommandons chaudement aux autres couples de faire ce choix avis\u00e9.\u00a0\u00bb<\/p>\n<div class=\"testimonial_customer\">\n<h5 >Muriel &#038; Guillaume<\/h5>\n<\/div>\n<\/div>\n<\/div>\n<\/div>\n<\/div>\n<\/div>\n<\/div>\n<\/div>\n","protected":false},"excerpt":{"rendered":"","protected":false},"author":1,"featured_media":0,"parent":0,"menu_order":0,"comment_status":"closed","ping_status":"closed","template":"","meta":{"footnotes":""},"class_list":["post-171","page","type-page","status-publish","hentry"],"_links":{"self":[{"href":"https:\/\/actionstudio.re\/index.php?rest_route=\/wp\/v2\/pages\/171","targetHints":{"allow":["GET"]}}],"collection":[{"href":"https:\/\/actionstudio.re\/index.php?rest_route=\/wp\/v2\/pages"}],"about":[{"href":"https:\/\/actionstudio.re\/index.php?rest_route=\/wp\/v2\/types\/page"}],"author":[{"embeddable":true,"href":"https:\/\/actionstudio.re\/index.php?rest_route=\/wp\/v2\/users\/1"}],"replies":[{"embeddable":true,"href":"https:\/\/actionstudio.re\/index.php?rest_route=%2Fwp%2Fv2%2Fcomments&post=171"}],"version-history":[{"count":11,"href":"https:\/\/actionstudio.re\/index.php?rest_route=\/wp\/v2\/pages\/171\/revisions"}],"predecessor-version":[{"id":1879,"href":"https:\/\/actionstudio.re\/index.php?rest_route=\/wp\/v2\/pages\/171\/revisions\/1879"}],"wp:attachment":[{"href":"https:\/\/actionstudio.re\/index.php?rest_route=%2Fwp%2Fv2%2Fmedia&parent=171"}],"curies":[{"name":"wp","href":"https:\/\/api.w.org\/{rel}","templated":true}]}}