{"id":19,"date":"2019-01-30T20:36:32","date_gmt":"2019-01-30T19:36:32","guid":{"rendered":"https:\/\/actionstudio.re\/?page_id=19"},"modified":"2022-06-21T12:11:01","modified_gmt":"2022-06-21T10:11:01","slug":"tarifs-des-films-de-mariage","status":"publish","type":"page","link":"https:\/\/actionstudio.re\/?page_id=19","title":{"rendered":"Tarifs des films de mariage"},"content":{"rendered":"<div  class=\"one fullwidth \"><\/div>\n<div  class=\"one ppb_pricing\" style=\"padding-top:85px !important;padding:50px 0 50px 0;\" >\n<div class=\"standard_wrapper\">\n<div class=\"page_content_wrapper\">\n<div class=\"inner\">\n<div class=\"pricing_content_wrapper light\">\n<div class=\"pricing one_fourth  \">\n<div class=\"pricing_wrapper_border\">\n<ul class=\"pricing_wrapper\">\n<li class=\"title_row \" style=\"color:;\">Court-M\u00e9trage<\/li>\n<li class=\"price_row\"><strong>\u20ac<\/strong><em class=\"exact_price\" style=\"color:;\">2200<\/em><em class=\"time\"><\/em><\/li>\n<li>Prise de vue de 09H00 \u00e0 22H00\n<\/li>\n<li>Op\u00e9rateur cadreur \/ Ing\u00e9 prise de son\n<\/li>\n<li>\u00c9dition d\u2019un film de 15min\n<\/li>\n<li>Coffret USB personnalis\u00e9\n<\/li>\n<li>Version 4K UltraHD<\/li>\n<li class=\"button_row \"><a href=\"\/contact\/\" class=\"button\"  style=\"background:;border-color:;color:#fff;\">R\u00e9servez<\/a><\/li>\n<\/ul>\n<\/div>\n<\/div>\n<div class=\"pricing one_fourth  \">\n<div class=\"pricing_wrapper_border\">\n<ul class=\"pricing_wrapper\">\n<li class=\"title_row \" style=\"color:;\">Option cadreur<\/li>\n<li class=\"price_row\"><strong>\u20ac<\/strong><em class=\"exact_price\" style=\"color:;\">400<\/em><em class=\"time\"><\/em><\/li>\n<li>Op\u00e9rateur cadreur suppl\u00e9mentaire :\n<\/li>\n<li>C\u00e9r\u00e9monie civile\n<\/li>\n<li>C\u00e9r\u00e9monie religieuse\n<\/li>\n<li>C\u00e9r\u00e9monie la\u00efque\n<\/li>\n<li>Shooting couple<\/li>\n<li class=\"button_row \"><a href=\"\/contact\/\" class=\"button\"  style=\"background:;border-color:;color:#fff;\">R\u00e9servez<\/a><\/li>\n<\/ul>\n<\/div>\n<\/div>\n<div class=\"pricing one_fourth  \">\n<div class=\"pricing_wrapper_border\">\n<ul class=\"pricing_wrapper\">\n<li class=\"title_row \" style=\"color:;\">Option Int\u00e9grale<\/li>\n<li class=\"price_row\"><strong>\u20ac<\/strong><em class=\"exact_price\" style=\"color:;\">110<\/em><em class=\"time\"><\/em><\/li>\n<li>Version Int\u00e9grale\n<\/li>\n<li>C\u00e9r\u00e9monie religieuse ou la\u00efque\n<\/li>\n<li>Cam\u00e9ra 4K sur tr\u00e9pieds\n<\/li>\n<li>Prise de vue continue\n<\/li>\n<li>Version 4K UltraHD<\/li>\n<li class=\"button_row \"><a href=\"\" class=\"button\"  style=\"background:;border-color:;color:#fff;\">R\u00e9servez<\/a><\/li>\n<\/ul>\n<\/div>\n<\/div>\n<div class=\"pricing one_fourth  last\">\n<div class=\"pricing_wrapper_border\">\n<ul class=\"pricing_wrapper\">\n<li class=\"title_row \" style=\"color:;\">Bande annonce<\/li>\n<li class=\"price_row\"><strong>\u20ac<\/strong><em class=\"exact_price\" style=\"color:;\">300<\/em><em class=\"time\"><\/em><\/li>\n<li>Bande annonce\n<\/li>\n<li>\u00c9dition d&rsquo;un teaser d&rsquo;environ 1min\n<\/li>\n<li>Bande son sp\u00e9ciale \u00ab\u00a0teaser\u00a0\u00bb\n<\/li>\n<li>Publication Web\n<\/li>\n<li>Version 4K UltraHD<\/li>\n<li class=\"button_row \"><a href=\"\" class=\"button\"  style=\"background:;border-color:;color:#fff;\">R\u00e9servez<\/a><\/li>\n<\/ul>\n<\/div>\n<\/div>\n<\/div>\n<\/div>\n<\/div>\n<\/div>\n<\/div>\n<div class=\"standard_wrapper\">\n<div  class=\"one_third withsmallpadding ppb_text\" style=\"margin-bottom: 0 !important; padding-top:30px !important;padding:50px 0 50px 0;\" >\n<div class=\"standard_wrapper\">\n<div class=\"page_content_wrapper\">\n<div class=\"inner\">\n<div style=\"margin:auto;width:100%\">\n<h5>Son surround 5.1<\/h5>\n<p>Une toute nouvelle option pour visionner votre film comme au cin\u00e9ma, avec un environnement audio en 5.1.<br \/>\nLa parole sera plac\u00e9e sur le haut-parleur centrale, les bruits d&rsquo;ambiances en st\u00e9r\u00e9o avant, et la musique en st\u00e9r\u00e9o avant\/arri\u00e8re\/sub.<br \/>\n<em>Option Surround + 200\u20ac<\/em><\/p>\n<p><img decoding=\"async\" loading=\"lazy\" src=\"https:\/\/actionstudio.re\/wp-content\/uploads\/2019\/02\/1813-Ana\u00efs-Lilian-1024x683.jpg\" alt=\"\" width=\"1024\" height=\"683\" class=\"alignnone size-large wp-image-66\" \/><\/p>\n<\/div>\n<\/div>\n<\/div>\n<\/div>\n<\/div>\n<\/div>\n<div class=\"standard_wrapper\">\n<div  class=\"one_third withsmallpadding ppb_text\" style=\"margin-bottom: 0 !important;padding:30px 0 30px 0;\" >\n<div class=\"standard_wrapper\">\n<div class=\"page_content_wrapper\">\n<div class=\"inner\">\n<div style=\"margin:auto;width:100%\">\n<h5>Nos prises de vues<\/h5>\n<p>Nous utilisons des appareils mirrorless en 4k plein format slog3 \u00e0 capteur stabilis\u00e9. Notre machinerie l\u00e9g\u00e8re pour la stabilit\u00e9 de nos images : \u00e9pauli\u00e8re, monopod, tr\u00e9pieds, mini slider \u00e0 commande motoris\u00e9e, guimbal.<br \/>\nNous pouvons installer 2 cam\u00e9ras suppl\u00e9mentaires lors des c\u00e9l\u00e9brations.<\/p>\n<p><img decoding=\"async\" loading=\"lazy\" class=\"alignnone wp-image-223 size-large\" src=\"https:\/\/actionstudio.re\/wp-content\/uploads\/2019\/04\/1123-Christelle-Garry-1024x683.jpg\" alt=\"\" width=\"1024\" height=\"683\" \/><\/p>\n<\/div>\n<\/div>\n<\/div>\n<\/div>\n<\/div>\n<\/div>\n<div class=\"standard_wrapper\">\n<div  class=\"one_third last withsmallpadding ppb_text\" style=\"margin-bottom: 0 !important;padding:30px 0 30px 0;\" >\n<div class=\"standard_wrapper\">\n<div class=\"page_content_wrapper\">\n<div class=\"inner\">\n<div style=\"margin:auto;width:100%\">\n<h5>Prise de vue au drone<\/h5>\n<p>Votre film contiendra des plans d&rsquo;illustrations au drone r\u00e9alis\u00e9s par notre t\u00e9l\u00e9-pilote agr\u00e9ment\u00e9.<br \/>\nConform\u00e9ment \u00e0 la l\u00e9gislation, nous ne pourrons pas r\u00e9aliser de survol pendant les mariages, en particulier pour ces 2 raisons : interdiction de voler en agglom\u00e9ration et interdiction de survoler du public.<\/p>\n<p><img decoding=\"async\" loading=\"lazy\" src=\"https:\/\/actionstudio.re\/wp-content\/uploads\/2019\/02\/1354-Laurence-Samer-1024x683.jpg\" alt=\"\" width=\"1024\" height=\"683\" class=\"alignnone size-large wp-image-65\" \/><\/p>\n<\/div>\n<\/div>\n<\/div>\n<\/div>\n<\/div>\n<\/div>\n<div  class=\"one withsmallpadding ppb_text\" style=\"padding:30px 0 30px 0;\" >\n<div class=\"standard_wrapper\">\n<div class=\"page_content_wrapper\">\n<div class=\"inner\">\n<div style=\"margin:auto;width:100%\">\n<hr\/>\n<\/div>\n<\/div>\n<\/div>\n<\/div>\n<\/div>\n<div  class=\"one withsmallpadding ppb_header \" style=\"padding-bottom: 0 !important;text-align:left;padding:30px 0 30px 0;\" >\n<div class=\"standard_wrapper\">\n<div class=\"page_content_wrapper\">\n<div class=\"inner\">\n<div style=\"margin:auto;width:100%\">\n<div class=\"ppb_subtitle\" style=\"\">Quelques t\u00e9moignages de<\/div>\n<h2 class=\"ppb_title\" style=\"\">Nos mari\u00e9s<\/h2>\n<\/div>\n<\/div>\n<\/div>\n<\/div>\n<\/div>\n<div class=\"standard_wrapper\">\n<div  class=\"one withsmallpadding ppb_testimonial_column\" style=\"padding:50px 0 50px 0;\" >\n<div class=\"page_content_wrapper\">\n<div class=\"inner\">\n<div class=\"testimonial_wrapper\">\n<div class=\"one_half testimonial_column_element animated1 \">\n<div class=\"testimonial_image animated\" data-animation=\"bigEntrance\"><img decoding=\"async\" class=\"team_pic\" src=\"https:\/\/actionstudio.re\/wp-content\/uploads\/2019\/02\/Anne-Eric-150x150.jpg\" alt=\"Anne &amp; Eric\"\/><\/div>\n<div class=\"testimonial_content\">\u00ab\u00a0Tu fais parties des personnes rares qui ont le don de magnifier les choses les plus simples ! Nul doute que si la nostalgie nous faisait nous remarier que nous porterions \u00e0 nouveau notre choix sur toi avec ta personnalit\u00e9 et ta cr\u00e9ativit\u00e9 qui savent faire arr\u00eater le temps pour nous propulser dans notre r\u00eave !\u00a0\u00bb<\/p>\n<div class=\"testimonial_customer\">\n<h5 >Anne &#038; Eric<\/h5>\n<\/div>\n<\/div>\n<\/div>\n<div class=\"one_half testimonial_column_element animated2 last\">\n<div class=\"testimonial_image animated\" data-animation=\"bigEntrance\"><img decoding=\"async\" class=\"team_pic\" src=\"https:\/\/actionstudio.re\/wp-content\/uploads\/2019\/02\/Aur\u00e9lie-Jacky-150x150.jpg\" alt=\"Aur\u00e9lie &amp; Jacky\"\/><\/div>\n<div class=\"testimonial_content\"><span id=\"cch_f23b8648ca1ee5a\" class=\"_mh6 _wsc\"><span class=\"_3oh- _58nk\">\u00ab\u00a0Nous ne remercierons jamais assez David pour le superbe travail qu\u2019il a r\u00e9alis\u00e9 sur notre vid\u00e9o de mariage. Il a r\u00e9ussi \u00e0 immortaliser ces instants remplis de joies et d\u2019\u00e9motion qui ont contribu\u00e9 \u00e0 faire de notre grand jour, un moment magique ! Sa bonne humeur et son professionnalisme ont \u00e9t\u00e9 d\u2019un grand soutien. Nous sommes vraiment heureux qu\u2019il ait \u00e9t\u00e9 pr\u00e9sent \u00e0 nos c\u00f4t\u00e9s lors de cette journ\u00e9e. Notre vid\u00e9o de mariage est exactement comme nous l\u2019avions souhait\u00e9e : touchante, \u00e9mouvante et d\u2019une grande qualit\u00e9 !\u00a0\u00bb<\/span><\/span><\/p>\n<div class=\"testimonial_customer\">\n<h5 >Aur\u00e9lie &#038; Jacky<\/h5>\n<\/div>\n<\/div>\n<\/div>\n<div class=\"one_half testimonial_column_element animated3 \">\n<div class=\"testimonial_image animated\" data-animation=\"bigEntrance\"><img decoding=\"async\" class=\"team_pic\" src=\"https:\/\/actionstudio.re\/wp-content\/uploads\/2019\/02\/Mathilde-Alexandre-150x150.jpg\" alt=\"Mathilde &amp; Alexandre\"\/><\/div>\n<div class=\"testimonial_content\"><span id=\"cch_f1d98e564287a3c\" class=\"_mh6 _wsc\"><span class=\"_3oh- _58nk\">\u00ab\u00a0David et son \u00e9quipe nous ont mis \u00e0 l&rsquo;aise tr\u00e8s rapidement. David est quelqu&rsquo;un \u00e0 l&rsquo;\u00e9coute, discret quand il le faut et qui arrive \u00e0 vous faire rire aux moments voulu. Les photos de notre mariage transpirent l&rsquo;amour et l&rsquo;\u00e9motion, chose que seul un photographe comme David peux retransmettre. Notre film de mariage est tout simplement sublime, je verse ma larme d\u00e8s que je le regarde. En bref une \u00e9quipe qui d\u00e9chire !\u00a0\u00bb<br \/>\n<\/span><\/span><\/p>\n<div class=\"testimonial_customer\">\n<h5 >Mathilde &#038; Alexandre<\/h5>\n<\/div>\n<\/div>\n<\/div>\n<\/div>\n<\/div>\n<\/div>\n<\/div>\n<\/div>\n","protected":false},"excerpt":{"rendered":"","protected":false},"author":1,"featured_media":0,"parent":0,"menu_order":0,"comment_status":"closed","ping_status":"closed","template":"","meta":{"footnotes":""},"class_list":["post-19","page","type-page","status-publish","hentry"],"_links":{"self":[{"href":"https:\/\/actionstudio.re\/index.php?rest_route=\/wp\/v2\/pages\/19","targetHints":{"allow":["GET"]}}],"collection":[{"href":"https:\/\/actionstudio.re\/index.php?rest_route=\/wp\/v2\/pages"}],"about":[{"href":"https:\/\/actionstudio.re\/index.php?rest_route=\/wp\/v2\/types\/page"}],"author":[{"embeddable":true,"href":"https:\/\/actionstudio.re\/index.php?rest_route=\/wp\/v2\/users\/1"}],"replies":[{"embeddable":true,"href":"https:\/\/actionstudio.re\/index.php?rest_route=%2Fwp%2Fv2%2Fcomments&post=19"}],"version-history":[{"count":20,"href":"https:\/\/actionstudio.re\/index.php?rest_route=\/wp\/v2\/pages\/19\/revisions"}],"predecessor-version":[{"id":1172,"href":"https:\/\/actionstudio.re\/index.php?rest_route=\/wp\/v2\/pages\/19\/revisions\/1172"}],"wp:attachment":[{"href":"https:\/\/actionstudio.re\/index.php?rest_route=%2Fwp%2Fv2%2Fmedia&parent=19"}],"curies":[{"name":"wp","href":"https:\/\/api.w.org\/{rel}","templated":true}]}}