{"id":21,"date":"2019-01-30T20:36:55","date_gmt":"2019-01-30T19:36:55","guid":{"rendered":"https:\/\/actionstudio.re\/?page_id=21"},"modified":"2024-07-25T08:32:43","modified_gmt":"2024-07-25T06:32:43","slug":"qui-sommes-nous","status":"publish","type":"page","link":"https:\/\/actionstudio.re\/?page_id=21","title":{"rendered":"Qui sommes nous ?"},"content":{"rendered":"<div  class=\"one fullwidth \"><\/div>\n<div class=\"standard_wrapper\">\n<div  class=\"two_third withsmallpadding ppb_text\" style=\"padding:50px 0 50px 0;\" >\n<div class=\"standard_wrapper\">\n<div class=\"page_content_wrapper\">\n<div class=\"inner\">\n<div style=\"margin:auto;width:100%\">\n<p>Depuis mes 6 ans, la musique a \u00e9t\u00e9 ma muse infatigable, m&rsquo;enveloppant dans une danse enivrante de notes et de m\u00e9lodies. Le piano, l&rsquo;orgue, le saxophone ont \u00e9t\u00e9 mes compagnons de route, et j&rsquo;ai m\u00eame flirt\u00e9 avec les accords de guitare et des notes de basse.<\/p>\n<p>Pourtant, ce n&rsquo;\u00e9tait que le pr\u00e9lude d&rsquo;une aventure qui prenait forme. Apr\u00e8s des ann\u00e9es d&rsquo;exploration dans l&rsquo;univers de l&rsquo;acoustique et du traitement de signal, suivi de cinq ann\u00e9es pass\u00e9es dans l&rsquo;effervescence d&rsquo;un bureau d&rsquo;\u00e9tude parisien, un nouveau chapitre s&rsquo;est d\u00e9voil\u00e9 : La d\u00e9couverte tardive de la photographie et de la vid\u00e9o a transform\u00e9 mon regard en un objectif capturant des instants de la vie.<\/p>\n<p>Le retour sur ma terre natale a marqu\u00e9 le d\u00e9but d&rsquo;une nouvelle \u00e8re artistique. J&rsquo;ai choisi d&rsquo;\u00eatre le t\u00e9moin privil\u00e9gi\u00e9 des moments importants d&rsquo;une vie, particuli\u00e8rement du mariage.<\/p>\n<p>Depuis 2006, mon voyage n&rsquo;a cess\u00e9 d&rsquo;\u00e9voluer. J&rsquo;ai sculpt\u00e9 mon regard, perfectionn\u00e9 ma technique, et affin\u00e9 ma sensibilit\u00e9. La photographie est devenue ma fa\u00e7on de ressentir la vie, de la traduire en une s\u00e9rie d&rsquo;images qui racontent des r\u00e9cits poignants. C&rsquo;est bien plus qu&rsquo;une simple capture d&rsquo;instantan\u00e9s ; c&rsquo;est la narration visuelle de belles histoires, chaque image devenant une page tourn\u00e9e de votre propre r\u00e9cit.<\/p>\n<p>Au c\u0153ur de chaque clich\u00e9, j&rsquo;ai d\u00e9couvert ma v\u00e9ritable passion, donnant un sens \u00e0 mon travail en tant que photographe et vid\u00e9aste. Mon bonheur r\u00e9side dans la capture d&rsquo;\u00e9motions sinc\u00e8res et spontan\u00e9es : un sourire fugace, un baiser vol\u00e9, un regard complice. Ainsi, je continue de composer une symphonie visuelle, donnant vie \u00e0 chaque instant fig\u00e9 dans le temps.<\/p>\n<\/div>\n<\/div>\n<\/div>\n<\/div>\n<\/div>\n<\/div>\n<div  class=\"parallax \" data-image=\"https:\/\/actionstudio.re\/wp-content\/uploads\/2019\/02\/AS37619-1.jpg\" data-width=\"1920\" data-height=\"1281\" style=\"height:1000px; \"><\/div>\n<p><br class=\"clear\"\/><\/p>\n<div class=\"standard_wrapper\">\n<div  class=\"one_third withsmallpadding ppb_header \" style=\"text-align:left;padding:50px 0 50px 0;\" >\n<div class=\"page_content_wrapper\">\n<div class=\"inner\">\n<div style=\"margin:auto;width:50%\">\n<h2 class=\"ppb_title\" style=\"\">Je suis<\/h2>\n<hr class=\"title_break left\" style=\"\"\/>\n<div class=\"ppb_header_content\">\n<p>photographe autodidacte pratiquant la photographie de mariage depuis 2006.<\/p>\n<\/div>\n<\/div>\n<\/div>\n<\/div>\n<\/div>\n<\/div>\n<div class=\"standard_wrapper\">\n<div  class=\"one_third withsmallpadding ppb_header \" style=\"text-align:left;padding:30px 0 30px 0;\" >\n<div class=\"page_content_wrapper\">\n<div class=\"inner\">\n<div style=\"margin:auto;width:100%\">\n<h2 class=\"ppb_title\" style=\"\">Nous<\/h2>\n<hr class=\"title_break left\" style=\"\"\/>\n<div class=\"ppb_header_content\">\n<p>sommes des artistes passionn\u00e9s au multiples talents, ayants un seul v\u0153ux, celui de faire votre bonheur<\/p>\n<\/div>\n<\/div>\n<\/div>\n<\/div>\n<\/div>\n<\/div>\n<div class=\"standard_wrapper\">\n<div  class=\"two_third last withsmallpadding ppb_text\" style=\"padding:30px 0 30px 0;\" >\n<div class=\"standard_wrapper\">\n<div class=\"page_content_wrapper\">\n<div class=\"inner\">\n<div style=\"margin:auto;width:100%\">\n<p>Dans cette symphonie artistique que nous composons avec passion, nous sommes bien plus qu&rsquo;individus talentueux \u2013 nous sommes une \u00e9quipe unie par un seul et unique d\u00e9sir : celui de faire na\u00eetre le bonheur dans vos moments pr\u00e9cieux.<\/p>\n<p>Depuis 2006, de nombreux artistes exceptionnels ont crois\u00e9 ma route, certains devenant des amis et des collaborateurs indispensables. Au fil du temps, la convergence de nos sensibilit\u00e9s et de nos techniques a donn\u00e9 naissance \u00e0 une prestation unique, fusionnant la photographie et la vid\u00e9o. L&rsquo;objectif est clair : former une \u00e9quipe o\u00f9 les techniques de prise de vue se compl\u00e8tent, offrant ainsi le meilleur en photo et en vid\u00e9o.<\/p>\n<p>Imaginez le photographe, rarement recourant au flash pour \u00e9viter les \u00e9clairs intempestifs qui pourraient d\u00e9naturer la vid\u00e9o. Pendant ce temps, le cam\u00e9raman maintient une distance respectueuse par rapport au sujet, pr\u00e9servant ainsi le cadrage minutieusement orchestr\u00e9 par le photographe. Notre \u00e9quipe, telle une harmonie parfaite, coordonne chaque mouvement pour \u00e9viter toute intrusion ind\u00e9sirable dans vos images.<\/p>\n<p>Apr\u00e8s une d\u00e9cennie de collaboration, nous avons atteint un niveau d&rsquo;osmose unique. Nous sommes capables d&rsquo;anticiper les r\u00e9actions de chacun des membres de l&rsquo;\u00e9quipe, cr\u00e9ant ainsi une synergie in\u00e9gal\u00e9e qui se traduit par des captures empreintes d&rsquo;authenticit\u00e9 et d&rsquo;\u00e9motion. Pour nous, chaque prestation est une nouvelle composition, une fusion d&rsquo;expertise et de cr\u00e9ativit\u00e9 pour sublimer vos moments inoubliables.<\/p>\n<\/div>\n<\/div>\n<\/div>\n<\/div>\n<\/div>\n<\/div>\n<div  class=\"one withsmallpadding ppb_team_column\" style=\"padding:30px;\" >\n<div class=\"team_wrapper\">\n<div class=\"one_fourth nopadding animated1 \"><br class=\"clear\"\/><\/p>\n<div id=\"portfolio_desc_1183\" class=\"portfolio_desc team \">\n<h5 >Arnaud Maunier<\/h5>\n<\/div>\n<\/div>\n<div class=\"one_fourth nopadding animated2 \">\n<div class=\"post_img team\"><img decoding=\"async\" class=\"team_pic animated\" data-animation=\"fadeIn\" src=\"https:\/\/actionstudio.re\/wp-content\/uploads\/2019\/02\/TECHER-David.jpg\" alt=\"\"\/><\/div>\n<p><br class=\"clear\"\/><\/p>\n<div id=\"portfolio_desc_123\" class=\"portfolio_desc team \">\n<h5 >David Techer<\/h5>\n<div class=\"post_detail\" >G\u00e9rant \/ Photographe \/ Vid\u00e9aste<\/div>\n<ul class=\"social_wrapper team\">\n<li><a title=\"David Techer on Facebook\" target=\"_blank\" class=\"tooltip\" href=\"https:\/\/facebook.com\/david.techer.716\" rel=\"noopener\"><i class=\"fa fa-facebook\"><\/i><\/a><\/li>\n<li><a title=\"David Techer on Google+\" target=\"_blank\" class=\"tooltip\" href=\"https:\/\/plus.google.com\/107790978590530861793\" rel=\"noopener\"><i class=\"fa fa-google-plus\"><\/i><\/a><\/li>\n<li><a title=\"David Techer on Instagram\" target=\"_blank\" class=\"tooltip\" href=\"https:\/\/www.instagram.com\/david.techer.action.studio\/\" rel=\"noopener\"><i class=\"fa fa-instagram\"><\/i><\/a><\/li>\n<\/ul>\n<\/div>\n<\/div>\n<div class=\"one_fourth nopadding animated3 \">\n<div class=\"post_img team\"><img decoding=\"async\" class=\"team_pic animated\" data-animation=\"fadeIn\" src=\"https:\/\/actionstudio.re\/wp-content\/uploads\/2020\/07\/Fabrice-Lau.jpg\" alt=\"\"\/><\/div>\n<p><br class=\"clear\"\/><\/p>\n<div id=\"portfolio_desc_277\" class=\"portfolio_desc team \">\n<h5 >Fabrice Lau<\/h5>\n<div class=\"post_detail\" >Photographe \/ Vid\u00e9aste<\/div>\n<ul class=\"social_wrapper team\">\n<li><a title=\"Fabrice Lau on Facebook\" target=\"_blank\" class=\"tooltip\" href=\"https:\/\/facebook.com\/https:\/\/www.facebook.com\/search\/top?q=fabrice%20lau%20production\" rel=\"noopener\"><i class=\"fa fa-facebook\"><\/i><\/a><\/li>\n<li><a title=\"Fabrice Lau on Instagram\" target=\"_blank\" class=\"tooltip\" href=\"https:\/\/www.instagram.com\/fabrice_lau\/\" rel=\"noopener\"><i class=\"fa fa-instagram\"><\/i><\/a><\/li>\n<\/ul>\n<\/div>\n<\/div>\n<div class=\"one_fourth nopadding animated4 last\">\n<div class=\"post_img team\"><img decoding=\"async\" class=\"team_pic animated\" data-animation=\"fadeIn\" src=\"https:\/\/actionstudio.re\/wp-content\/uploads\/2019\/02\/CHOW-Victor.jpg\" alt=\"\"\/><\/div>\n<p><br class=\"clear\"\/><\/p>\n<div id=\"portfolio_desc_117\" class=\"portfolio_desc team last\">\n<h5 >Victor Chow<\/h5>\n<div class=\"post_detail\" >Photographe \/ Vid\u00e9aste \/ T\u00e9l\u00e9pilote<\/div>\n<ul class=\"social_wrapper team\">\n<li><a title=\"Victor Chow on Facebook\" target=\"_blank\" class=\"tooltip\" href=\"https:\/\/facebook.com\/victorchow.graphistemultimedia\" rel=\"noopener\"><i class=\"fa fa-facebook\"><\/i><\/a><\/li>\n<li><a title=\"Victor Chow on Instagram\" target=\"_blank\" class=\"tooltip\" href=\"https:\/\/www.instagram.com\/victor.chow.kf\/\" rel=\"noopener\"><i class=\"fa fa-instagram\"><\/i><\/a><\/li>\n<\/ul>\n<\/div>\n<\/div>\n<\/div>\n<\/div>\n","protected":false},"excerpt":{"rendered":"","protected":false},"author":1,"featured_media":0,"parent":0,"menu_order":0,"comment_status":"closed","ping_status":"closed","template":"","meta":{"footnotes":""},"class_list":["post-21","page","type-page","status-publish","hentry"],"_links":{"self":[{"href":"https:\/\/actionstudio.re\/index.php?rest_route=\/wp\/v2\/pages\/21","targetHints":{"allow":["GET"]}}],"collection":[{"href":"https:\/\/actionstudio.re\/index.php?rest_route=\/wp\/v2\/pages"}],"about":[{"href":"https:\/\/actionstudio.re\/index.php?rest_route=\/wp\/v2\/types\/page"}],"author":[{"embeddable":true,"href":"https:\/\/actionstudio.re\/index.php?rest_route=\/wp\/v2\/users\/1"}],"replies":[{"embeddable":true,"href":"https:\/\/actionstudio.re\/index.php?rest_route=%2Fwp%2Fv2%2Fcomments&post=21"}],"version-history":[{"count":17,"href":"https:\/\/actionstudio.re\/index.php?rest_route=\/wp\/v2\/pages\/21\/revisions"}],"predecessor-version":[{"id":1883,"href":"https:\/\/actionstudio.re\/index.php?rest_route=\/wp\/v2\/pages\/21\/revisions\/1883"}],"wp:attachment":[{"href":"https:\/\/actionstudio.re\/index.php?rest_route=%2Fwp%2Fv2%2Fmedia&parent=21"}],"curies":[{"name":"wp","href":"https:\/\/api.w.org\/{rel}","templated":true}]}}