{"id":8,"date":"2019-01-30T20:27:45","date_gmt":"2019-01-30T19:27:45","guid":{"rendered":"https:\/\/actionstudio.re\/?page_id=8"},"modified":"2019-02-06T08:50:18","modified_gmt":"2019-02-06T07:50:18","slug":"films-realises","status":"publish","type":"page","link":"https:\/\/actionstudio.re\/?page_id=8","title":{"rendered":"Films R\u00e9alis\u00e9s"},"content":{"rendered":"\n\t\t\t\t<p class=\"rs-p-wp-fix\"><\/p>\n\t\t\t\t<sr7-module data-alias=\"visualiser-les-films\" data-id=\"6\" id=\"SR7_6_1\" class=\"rs-ov-hidden\" data-version=\"6.7.31\">\n\t\t\t\t\t<sr7-adjuster><\/sr7-adjuster>\n\t\t\t\t\t<sr7-content>\n\t\t\t\t\t\t<sr7-slide id=\"SR7_6_1-6\" data-key=\"6\">\n\t\t\t\t\t\t\t<sr7-bg id=\"SR7_6_1-6-5\" class=\"sr7-layer\"><noscript><img decoding=\"async\" src=\"https:\/\/actionstudio.re\/wp-content\/uploads\/revslider\/visualiser-les-films\/AS30911.jpg\" alt=\"\" title=\"AS30911.jpg\"><\/noscript><\/sr7-bg>\n\t\t\t\t\t\t\t<sr7-txt id=\"SR7_6_1-6-2\" class=\"sr7-layer\">La photographie, c'est la v\u00e9rit\u00e9 et le cin\u00e9ma, c'est vingt-quatre fois la v\u00e9rit\u00e9 par seconde...<\/sr7-txt>\n\t\t\t\t\t\t\t<sr7-txt id=\"SR7_6_1-6-4\" class=\"sr7-layer\">FILM DE MARIAGE<\/sr7-txt>\n\t\t\t\t\t\t<\/sr7-slide>\n\t\t\t\t\t\t<sr7-slide id=\"SR7_6_1-14\" data-key=\"14\">\n\t\t\t\t\t\t<\/sr7-slide>\n\t\t\t\t\t<\/sr7-content>\n\t\t\t\t\t<image_lists style=\"display:none\">\n\t\t\t\t\t\t<img data-src=\"\/\/actionstudio.re\/wp-content\/uploads\/revslider\/visualiser-les-films\/AS30911.jpg\" width=\"0\" height=\"0\" data-dbsrc=\"Ly9hY3Rpb25zdHVkaW8ucmUvd3AtY29udGVudC91cGxvYWRzL3JldnNsaWRlci92aXN1YWxpc2VyLWxlcy1maWxtcy9BUzMwOTExLmpwZw==\"\/>\n\t\t\t\t\t<\/image_lists>\n\t\t\t\t<\/sr7-module>\n\t\t\t\t<script>\n\t\t\t\t\tSR7.PMH ??={}; SR7.PMH[\"SR7_6_1\"] = {cn:100,state:false,fn: function() { if (_tpt!==undefined && _tpt.prepareModuleHeight !== undefined) {  _tpt.prepareModuleHeight({id:\"SR7_6_1\",el:[500,500,560,400,300],type:'hero',shdw:'0',gh:[500,500,560,400,300],gw:[1400,1400,960,778,480],vpt:['100px&#039;,&#039;100px&#039;,&#039;100px&#039;,&#039;100px&#039;,&#039;100px'],size:{fullWidth:true, fullHeight:false},mh:'0',onh:0,onw:0,bg:{color:'{\"orig\":\"transparent\",\"type\":\"solid\",\"string\":\"transparent\"}'},plType:'-1',plColor:'#FFFFFF'});   SR7.PMH[\"SR7_6_1\"].state=true;} else if(SR7.PMH[\"SR7_6_1\"].cn-->0)\tsetTimeout( SR7.PMH[\"SR7_6_1\"].fn,19);}};SR7.PMH[\"SR7_6_1\" ].fn();\n\t\t\t\t<\/script>\n\n        <div class=\"vimeography-error\">\n          <h2>This video gallery couldn't be loaded.<\/h2>\n          <p>the plugin could not retrieve data from the Vimeo API! The requested video couldn't be found.<\/p>\n        <\/div>\n\n        <style>\n          .vimeography-error {\n            background-color: rgba(255, 255, 255, 0.25);\n            max-width: 500px;\n            margin: 0 auto 2rem;\n            text-align: center;\n            border-radius: 4px;\n            padding: 1rem;\n            box-shadow: 0 2px 5px rgba(0, 0, 0, 0.05);\n          }\n\n          .vimeography-error h2 {\n            font-size: 1.3rem;\n          }\n        <\/style>\n      \n","protected":false},"excerpt":{"rendered":"","protected":false},"author":1,"featured_media":0,"parent":0,"menu_order":0,"comment_status":"closed","ping_status":"closed","template":"","meta":{"footnotes":""},"class_list":["post-8","page","type-page","status-publish","hentry"],"_links":{"self":[{"href":"https:\/\/actionstudio.re\/index.php?rest_route=\/wp\/v2\/pages\/8","targetHints":{"allow":["GET"]}}],"collection":[{"href":"https:\/\/actionstudio.re\/index.php?rest_route=\/wp\/v2\/pages"}],"about":[{"href":"https:\/\/actionstudio.re\/index.php?rest_route=\/wp\/v2\/types\/page"}],"author":[{"embeddable":true,"href":"https:\/\/actionstudio.re\/index.php?rest_route=\/wp\/v2\/users\/1"}],"replies":[{"embeddable":true,"href":"https:\/\/actionstudio.re\/index.php?rest_route=%2Fwp%2Fv2%2Fcomments&post=8"}],"version-history":[{"count":1,"href":"https:\/\/actionstudio.re\/index.php?rest_route=\/wp\/v2\/pages\/8\/revisions"}],"predecessor-version":[{"id":10,"href":"https:\/\/actionstudio.re\/index.php?rest_route=\/wp\/v2\/pages\/8\/revisions\/10"}],"wp:attachment":[{"href":"https:\/\/actionstudio.re\/index.php?rest_route=%2Fwp%2Fv2%2Fmedia&parent=8"}],"curies":[{"name":"wp","href":"https:\/\/api.w.org\/{rel}","templated":true}]}}